{"id":2257,"date":"2025-05-12T16:41:55","date_gmt":"2025-05-12T14:41:55","guid":{"rendered":"http:\/\/ubelin.com\/?page_id=2257"},"modified":"2026-03-30T21:16:14","modified_gmt":"2026-03-30T19:16:14","slug":"aviso-legal","status":"publish","type":"page","link":"https:\/\/www.ubelin.com.nsuzstudio.com\/index.php\/aviso-legal\/","title":{"rendered":"AVISO LEGAL"},"content":{"rendered":"\t\t<div data-elementor-type=\"wp-page\" data-elementor-id=\"2257\" class=\"elementor elementor-2257\" data-elementor-post-type=\"page\">\n\t\t\t\t<div class=\"elementor-element elementor-element-1bc0efa e-flex e-con-boxed e-con e-parent\" data-id=\"1bc0efa\" data-element_type=\"container\">\n\t\t\t\t\t<div class=\"e-con-inner\">\n\t\t\t\t<div class=\"elementor-element elementor-element-f4b6049 elementor-widget elementor-widget-text-editor\" data-id=\"f4b6049\" data-element_type=\"widget\" data-widget_type=\"text-editor.default\">\n\t\t\t\t<div class=\"elementor-widget-container\">\n\t\t\t\t\t\t\t\t\t<h4><strong>Aviso Legal<\/strong><\/h4>\t\t\t\t\t\t\t\t<\/div>\n\t\t\t\t<\/div>\n\t\t\t\t\t<\/div>\n\t\t\t\t<\/div>\n\t\t<div class=\"elementor-element elementor-element-5d55f6a e-flex e-con-boxed e-con e-parent\" data-id=\"5d55f6a\" data-element_type=\"container\">\n\t\t\t\t\t<div class=\"e-con-inner\">\n\t\t\t\t<div class=\"elementor-element elementor-element-7bfa1f5 elementor-widget elementor-widget-text-editor\" data-id=\"7bfa1f5\" data-element_type=\"widget\" data-widget_type=\"text-editor.default\">\n\t\t\t\t<div class=\"elementor-widget-container\">\n\t\t\t\t\t\t\t\t\t<h3 data-start=\"232\" data-end=\"269\">1. Identificaci\u00f3n y Titularidad<\/h3><p data-start=\"270\" data-end=\"493\">En cumplimiento de lo dispuesto en la\u00a0<strong data-start=\"308\" data-end=\"423\">Ley 34\/2002, de 11 de julio, de Servicios de la Sociedad de la Informaci\u00f3n y del Comercio Electr\u00f3nico (LSSI-CE)<\/strong>, se informa de los datos identificativos del titular del sitio web:<\/p><ul data-start=\"495\" data-end=\"642\"><li data-start=\"495\" data-end=\"523\"><p data-start=\"497\" data-end=\"523\"><strong data-start=\"497\" data-end=\"509\">Titular:<\/strong> Ubelin Comunicaciones<\/p><\/li><li data-start=\"524\" data-end=\"572\"><p data-start=\"526\" data-end=\"572\"><strong data-start=\"526\" data-end=\"549\">Correo electr\u00f3nico:<\/strong>\u00a0dl_legal<a class=\"decorated-link cursor-pointer\" rel=\"noopener\" data-start=\"550\" data-end=\"570\">@ubelin.com<\/a><\/p><\/li><li data-start=\"573\" data-end=\"642\"><p data-start=\"575\" data-end=\"642\"><strong data-start=\"575\" data-end=\"589\">Sitio web:<\/strong>\u00a0<a class=\"decorated-link\" href=\"https:\/\/www.ubelin.com.nsuzstudio.com\/\" target=\"_new\" rel=\"noopener\" data-start=\"590\" data-end=\"640\">https:\/\/ubelin.com<\/a><\/p><\/li><\/ul><h3 data-start=\"644\" data-end=\"671\">2. Condiciones de Uso<\/h3><p data-start=\"672\" data-end=\"921\">El acceso y uso de este sitio web atribuye la condici\u00f3n de\u00a0<strong data-start=\"731\" data-end=\"742\">usuario<\/strong>, implicando la aceptaci\u00f3n plena y sin reservas de todas las disposiciones incluidas en este Aviso Legal, as\u00ed como en la\u00a0<strong data-start=\"863\" data-end=\"889\">Pol\u00edtica de Privacidad<\/strong>\u00a0y la\u00a0<strong data-start=\"895\" data-end=\"918\">Pol\u00edtica de Cookies<\/strong>.<\/p><p data-start=\"923\" data-end=\"1115\">El usuario se compromete a utilizar el sitio web y sus servicios de forma l\u00edcita, conforme a la legislaci\u00f3n espa\u00f1ola vigente, la buena fe, la moral, las buenas costumbres y el orden p\u00fablico.<\/p><h3 data-start=\"1117\" data-end=\"1160\">3. Propiedad Intelectual e Industrial<\/h3><p data-start=\"1161\" data-end=\"1416\">Todos los contenidos del sitio web, incluyendo \u2014sin car\u00e1cter limitativo\u2014 textos, im\u00e1genes, fotograf\u00edas, logotipos, dise\u00f1os, bases de datos, software, marcas y nombres comerciales, son propiedad de Ubelin Comunicaciones\u00a0o de terceros que han autorizado su uso.<\/p><p data-start=\"1418\" data-end=\"1642\">Queda prohibida la reproducci\u00f3n, distribuci\u00f3n, comunicaci\u00f3n p\u00fablica, transformaci\u00f3n o cualquier otra forma de explotaci\u00f3n, total o parcial, de dichos contenidos sin la autorizaci\u00f3n expresa y por escrito de Ubelin Comunicaciones.<\/p><h3 data-start=\"1644\" data-end=\"1668\">4. Responsabilidad<\/h3><p data-start=\"1669\" data-end=\"1863\">Ubelin Comunicaciones no garantiza la ausencia de errores en los contenidos del sitio web ni se hace responsable de los da\u00f1os o perjuicios que puedan derivarse del uso de la informaci\u00f3n contenida en \u00e9l.<\/p><p data-start=\"1865\" data-end=\"2113\">Asimismo, no se responsabiliza del uso inadecuado que los usuarios puedan hacer del sitio web ni de la informaci\u00f3n publicada, ni de los da\u00f1os o perjuicios ocasionados por terceros mediante intromisiones ileg\u00edtimas fuera del control de la empresa.<\/p><h3 data-start=\"2115\" data-end=\"2154\">5. Protecci\u00f3n de Datos Personales<\/h3><p data-start=\"2155\" data-end=\"2361\">Ubelin Comunicaciones garantiza la protecci\u00f3n y confidencialidad de los datos personales facilitados por los usuarios, en cumplimiento del <strong data-start=\"2284\" data-end=\"2319\">Reglamento (UE) 2016\/679 (RGPD)<\/strong>\u00a0y la\u00a0<strong data-start=\"2325\" data-end=\"2358\">Ley Org\u00e1nica 3\/2018 (LOPDGDD)<\/strong>.<\/p><p data-start=\"2363\" data-end=\"2465\">Para m\u00e1s informaci\u00f3n, consulte nuestra\u00a0<strong data-start=\"2402\" data-end=\"2428\">Pol\u00edtica de Privacidad<\/strong>\u00a0y nuestra\u00a0<strong data-start=\"2439\" data-end=\"2462\">Pol\u00edtica de Cookies<\/strong>.<\/p><h3 data-start=\"2467\" data-end=\"2512\">6. Legislaci\u00f3n Aplicable y Jurisdicci\u00f3n<\/h3><p data-start=\"2513\" data-end=\"2826\">Este Aviso Legal se rige por la legislaci\u00f3n espa\u00f1ola. Para la resoluci\u00f3n de cualquier conflicto derivado del acceso o uso del sitio web, el usuario y Ubelin Comunicaciones acuerdan someterse expresamente a los <strong data-start=\"2713\" data-end=\"2757\">juzgados y tribunales de Madrid (Espa\u00f1a)<\/strong>, salvo que la normativa aplicable disponga otro fuero obligatorio.<\/p>\t\t\t\t\t\t\t\t<\/div>\n\t\t\t\t<\/div>\n\t\t\t\t\t<\/div>\n\t\t\t\t<\/div>\n\t\t\t\t<\/div>\n\t\t","protected":false},"excerpt":{"rendered":"<p>Aviso Legal 1. Identificaci\u00f3n y Titularidad En cumplimiento de lo dispuesto en la\u00a0Ley 34\/2002, de 11 de julio, de Servicios de la Sociedad de la Informaci\u00f3n y del Comercio Electr\u00f3nico (LSSI-CE), se informa de los datos identificativos del titular del sitio web: Titular: Ubelin Comunicaciones Correo electr\u00f3nico:\u00a0dl_legal@ubelin.com Sitio web:\u00a0https:\/\/ubelin.com 2. Condiciones de Uso El acceso [&hellip;]<\/p>\n","protected":false},"author":2,"featured_media":0,"parent":0,"menu_order":0,"comment_status":"closed","ping_status":"closed","template":"","meta":{"footnotes":""},"class_list":["post-2257","page","type-page","status-publish","hentry"],"_links":{"self":[{"href":"https:\/\/www.ubelin.com.nsuzstudio.com\/index.php\/wp-json\/wp\/v2\/pages\/2257","targetHints":{"allow":["GET"]}}],"collection":[{"href":"https:\/\/www.ubelin.com.nsuzstudio.com\/index.php\/wp-json\/wp\/v2\/pages"}],"about":[{"href":"https:\/\/www.ubelin.com.nsuzstudio.com\/index.php\/wp-json\/wp\/v2\/types\/page"}],"author":[{"embeddable":true,"href":"https:\/\/www.ubelin.com.nsuzstudio.com\/index.php\/wp-json\/wp\/v2\/users\/2"}],"replies":[{"embeddable":true,"href":"https:\/\/www.ubelin.com.nsuzstudio.com\/index.php\/wp-json\/wp\/v2\/comments?post=2257"}],"version-history":[{"count":39,"href":"https:\/\/www.ubelin.com.nsuzstudio.com\/index.php\/wp-json\/wp\/v2\/pages\/2257\/revisions"}],"predecessor-version":[{"id":2825,"href":"https:\/\/www.ubelin.com.nsuzstudio.com\/index.php\/wp-json\/wp\/v2\/pages\/2257\/revisions\/2825"}],"wp:attachment":[{"href":"https:\/\/www.ubelin.com.nsuzstudio.com\/index.php\/wp-json\/wp\/v2\/media?parent=2257"}],"curies":[{"name":"wp","href":"https:\/\/api.w.org\/{rel}","templated":true}]}}