{"id":32,"date":"2023-11-03T05:07:45","date_gmt":"2023-11-03T04:07:45","guid":{"rendered":"https:\/\/steelblue-dotterel-416190.hostingersite.com\/?page_id=32"},"modified":"2026-03-30T21:12:22","modified_gmt":"2026-03-30T19:12:22","slug":"nosotros","status":"publish","type":"page","link":"https:\/\/www.ubelin.com.nsuzstudio.com\/index.php\/nosotros\/","title":{"rendered":"NOSOTROS"},"content":{"rendered":"\t\t<div data-elementor-type=\"wp-page\" data-elementor-id=\"32\" class=\"elementor elementor-32\" data-elementor-post-type=\"page\">\n\t\t\t\t<div class=\"elementor-element elementor-element-43c6b76 e-flex e-con-boxed e-con e-parent\" data-id=\"43c6b76\" data-element_type=\"container\" data-settings=\"{&quot;background_background&quot;:&quot;classic&quot;}\">\n\t\t\t\t\t<div class=\"e-con-inner\">\n\t\t<div class=\"elementor-element elementor-element-bcd0fb7 e-con-full e-flex e-con e-child\" data-id=\"bcd0fb7\" data-element_type=\"container\">\n\t\t\t\t<div class=\"elementor-element elementor-element-5c8bff4 elementor-widget elementor-widget-heading\" data-id=\"5c8bff4\" data-element_type=\"widget\" data-widget_type=\"heading.default\">\n\t\t\t\t<div class=\"elementor-widget-container\">\n\t\t\t\t\t<h1 class=\"elementor-heading-title elementor-size-default\">Nosotros<\/h1>\t\t\t\t<\/div>\n\t\t\t\t<\/div>\n\t\t\t\t<\/div>\n\t\t\t\t\t<\/div>\n\t\t\t\t<\/div>\n\t\t<div class=\"elementor-element elementor-element-f72fb3b e-grid e-con-boxed e-con e-parent\" data-id=\"f72fb3b\" data-element_type=\"container\">\n\t\t\t\t\t<div class=\"e-con-inner\">\n\t\t\t\t<div class=\"elementor-element elementor-element-4068e50 elementor-widget elementor-widget-text-editor\" data-id=\"4068e50\" data-element_type=\"widget\" data-widget_type=\"text-editor.default\">\n\t\t\t\t<div class=\"elementor-widget-container\">\n\t\t\t\t\t\t\t\t\t<p data-start=\"866\" data-end=\"881\"><style>\na {\n    text-decoration: none;\n    color: #464feb;\n}\ntr th, tr td {\n    border: 1px solid #e6e6e6;\n}\ntr th {\n    background-color: #f5f5f5;\n}\n<\/style><\/p><div><p><strong>Misi\u00f3n<\/strong><\/p><p>Gestionamos y ejecutamos proyectos y servicios tecnol\u00f3gicos \u2014Outsourcing\/Operaci\u00f3n y Mantenimiento (O&amp;M), Gesti\u00f3n de Proyectos y Proyectos Llave en Mano\u2014 con el objetivo de modernizar las operaciones, garantizar la continuidad del negocio y generar valor sostenible, actuando como responsable \u00fanico frente al cliente.<\/p><\/div>\t\t\t\t\t\t\t\t<\/div>\n\t\t\t\t<\/div>\n\t\t\t\t<div class=\"elementor-element elementor-element-32bad24 elementor-widget elementor-widget-text-editor\" data-id=\"32bad24\" data-element_type=\"widget\" data-widget_type=\"text-editor.default\">\n\t\t\t\t<div class=\"elementor-widget-container\">\n\t\t\t\t\t\t\t\t\t<p data-start=\"1227\" data-end=\"1241\"><style>\na {\n    text-decoration: none;\n    color: #464feb;\n}\ntr th, tr td {\n    border: 1px solid #e6e6e6;\n}\ntr th {\n    background-color: #f5f5f5;\n}\n<\/style><\/p><div><p><strong>Visi\u00f3n<\/strong><\/p><p>Ser el partner de referencia en la integraci\u00f3n, coordinaci\u00f3n y control de servicios y proyectos tecnol\u00f3gicos, habilitando entornos m\u00e1s eficientes, seguros e innovadores, con un enfoque claro en resultados medibles y alineados con los objetivos del negocio.<\/p><\/div>\t\t\t\t\t\t\t\t<\/div>\n\t\t\t\t<\/div>\n\t\t\t\t\t<\/div>\n\t\t\t\t<\/div>\n\t\t<div class=\"elementor-element elementor-element-3d59877 e-grid e-con-full elementor-hidden-mobile e-con e-parent\" data-id=\"3d59877\" data-element_type=\"container\">\n\t\t\t\t<div class=\"elementor-element elementor-element-0c16a1b elementor-widget elementor-widget-image\" data-id=\"0c16a1b\" data-element_type=\"widget\" data-widget_type=\"image.default\">\n\t\t\t\t<div class=\"elementor-widget-container\">\n\t\t\t\t\t\t\t\t\t\t\t\t\t\t\t<img fetchpriority=\"high\" decoding=\"async\" width=\"360\" height=\"603\" src=\"https:\/\/www.ubelin.com.nsuzstudio.com\/wp-content\/uploads\/2025\/08\/crop_1.png\" class=\"attachment-large size-large wp-image-2373\" alt=\"\" srcset=\"http:\/\/ubelin.com\/wp-content\/uploads\/2025\/08\/crop_1.png 360w, http:\/\/ubelin.com\/wp-content\/uploads\/2025\/08\/crop_1-179x300.png 179w\" sizes=\"(max-width: 360px) 100vw, 360px\" \/>\t\t\t\t\t\t\t\t\t\t\t\t\t\t\t<\/div>\n\t\t\t\t<\/div>\n\t\t\t\t<div class=\"elementor-element elementor-element-7842c09 elementor-widget elementor-widget-image\" data-id=\"7842c09\" data-element_type=\"widget\" data-widget_type=\"image.default\">\n\t\t\t\t<div class=\"elementor-widget-container\">\n\t\t\t\t\t\t\t\t\t\t\t\t\t\t\t<img decoding=\"async\" width=\"360\" height=\"603\" src=\"https:\/\/www.ubelin.com.nsuzstudio.com\/wp-content\/uploads\/2025\/08\/crop_2.png\" class=\"attachment-large size-large wp-image-2350\" alt=\"\" srcset=\"http:\/\/ubelin.com\/wp-content\/uploads\/2025\/08\/crop_2.png 360w, http:\/\/ubelin.com\/wp-content\/uploads\/2025\/08\/crop_2-179x300.png 179w\" sizes=\"(max-width: 360px) 100vw, 360px\" \/>\t\t\t\t\t\t\t\t\t\t\t\t\t\t\t<\/div>\n\t\t\t\t<\/div>\n\t\t\t\t<div class=\"elementor-element elementor-element-836819e elementor-widget elementor-widget-image\" data-id=\"836819e\" data-element_type=\"widget\" data-widget_type=\"image.default\">\n\t\t\t\t<div class=\"elementor-widget-container\">\n\t\t\t\t\t\t\t\t\t\t\t\t\t\t\t<img decoding=\"async\" width=\"360\" height=\"603\" src=\"https:\/\/www.ubelin.com.nsuzstudio.com\/wp-content\/uploads\/2025\/08\/crop_3.png\" class=\"attachment-large size-large wp-image-2351\" alt=\"\" srcset=\"http:\/\/ubelin.com\/wp-content\/uploads\/2025\/08\/crop_3.png 360w, http:\/\/ubelin.com\/wp-content\/uploads\/2025\/08\/crop_3-179x300.png 179w\" sizes=\"(max-width: 360px) 100vw, 360px\" \/>\t\t\t\t\t\t\t\t\t\t\t\t\t\t\t<\/div>\n\t\t\t\t<\/div>\n\t\t\t\t<div class=\"elementor-element elementor-element-385fa98 elementor-widget elementor-widget-image\" data-id=\"385fa98\" data-element_type=\"widget\" data-widget_type=\"image.default\">\n\t\t\t\t<div class=\"elementor-widget-container\">\n\t\t\t\t\t\t\t\t\t\t\t\t\t\t\t<img loading=\"lazy\" decoding=\"async\" width=\"360\" height=\"603\" src=\"https:\/\/www.ubelin.com.nsuzstudio.com\/wp-content\/uploads\/2025\/08\/crop_4.png\" class=\"attachment-large size-large wp-image-2352\" alt=\"\" srcset=\"http:\/\/ubelin.com\/wp-content\/uploads\/2025\/08\/crop_4.png 360w, http:\/\/ubelin.com\/wp-content\/uploads\/2025\/08\/crop_4-179x300.png 179w\" sizes=\"(max-width: 360px) 100vw, 360px\" \/>\t\t\t\t\t\t\t\t\t\t\t\t\t\t\t<\/div>\n\t\t\t\t<\/div>\n\t\t\t\t<div class=\"elementor-element elementor-element-ad21e82 elementor-widget elementor-widget-image\" data-id=\"ad21e82\" data-element_type=\"widget\" data-widget_type=\"image.default\">\n\t\t\t\t<div class=\"elementor-widget-container\">\n\t\t\t\t\t\t\t\t\t\t\t\t\t\t\t<img loading=\"lazy\" decoding=\"async\" width=\"360\" height=\"603\" src=\"https:\/\/www.ubelin.com.nsuzstudio.com\/wp-content\/uploads\/2025\/08\/crop_5.png\" class=\"attachment-large size-large wp-image-2353\" alt=\"\" srcset=\"http:\/\/ubelin.com\/wp-content\/uploads\/2025\/08\/crop_5.png 360w, http:\/\/ubelin.com\/wp-content\/uploads\/2025\/08\/crop_5-179x300.png 179w\" sizes=\"(max-width: 360px) 100vw, 360px\" \/>\t\t\t\t\t\t\t\t\t\t\t\t\t\t\t<\/div>\n\t\t\t\t<\/div>\n\t\t\t\t<\/div>\n\t\t\t\t<\/div>\n\t\t","protected":false},"excerpt":{"rendered":"<p>Nosotros Misi\u00f3n Gestionamos y ejecutamos proyectos y servicios tecnol\u00f3gicos \u2014Outsourcing\/Operaci\u00f3n y Mantenimiento (O&amp;M), Gesti\u00f3n de Proyectos y Proyectos Llave en Mano\u2014 con el objetivo de modernizar las operaciones, garantizar la continuidad del negocio y generar valor sostenible, actuando como responsable \u00fanico frente al cliente. Visi\u00f3n Ser el partner de referencia en la integraci\u00f3n, coordinaci\u00f3n y [&hellip;]<\/p>\n","protected":false},"author":2,"featured_media":0,"parent":0,"menu_order":0,"comment_status":"closed","ping_status":"closed","template":"","meta":{"footnotes":""},"class_list":["post-32","page","type-page","status-publish","hentry"],"_links":{"self":[{"href":"https:\/\/www.ubelin.com.nsuzstudio.com\/index.php\/wp-json\/wp\/v2\/pages\/32","targetHints":{"allow":["GET"]}}],"collection":[{"href":"https:\/\/www.ubelin.com.nsuzstudio.com\/index.php\/wp-json\/wp\/v2\/pages"}],"about":[{"href":"https:\/\/www.ubelin.com.nsuzstudio.com\/index.php\/wp-json\/wp\/v2\/types\/page"}],"author":[{"embeddable":true,"href":"https:\/\/www.ubelin.com.nsuzstudio.com\/index.php\/wp-json\/wp\/v2\/users\/2"}],"replies":[{"embeddable":true,"href":"https:\/\/www.ubelin.com.nsuzstudio.com\/index.php\/wp-json\/wp\/v2\/comments?post=32"}],"version-history":[{"count":136,"href":"https:\/\/www.ubelin.com.nsuzstudio.com\/index.php\/wp-json\/wp\/v2\/pages\/32\/revisions"}],"predecessor-version":[{"id":2817,"href":"https:\/\/www.ubelin.com.nsuzstudio.com\/index.php\/wp-json\/wp\/v2\/pages\/32\/revisions\/2817"}],"wp:attachment":[{"href":"https:\/\/www.ubelin.com.nsuzstudio.com\/index.php\/wp-json\/wp\/v2\/media?parent=32"}],"curies":[{"name":"wp","href":"https:\/\/api.w.org\/{rel}","templated":true}]}}