{"id":387,"date":"2024-07-01T17:28:44","date_gmt":"2024-07-01T21:28:44","guid":{"rendered":"https:\/\/steelblue-dotterel-416190.hostingersite.com\/?page_id=387"},"modified":"2026-04-06T22:17:12","modified_gmt":"2026-04-06T20:17:12","slug":"servicios","status":"publish","type":"page","link":"https:\/\/www.ubelin.com.nsuzstudio.com\/index.php\/servicios\/","title":{"rendered":"SERVICIOS"},"content":{"rendered":"\t\t<div data-elementor-type=\"wp-page\" data-elementor-id=\"387\" class=\"elementor elementor-387\" data-elementor-post-type=\"page\">\n\t\t\t\t<div class=\"elementor-element elementor-element-0d91c09 e-flex e-con-boxed e-con e-parent\" data-id=\"0d91c09\" data-element_type=\"container\" data-settings=\"{&quot;background_background&quot;:&quot;classic&quot;}\">\n\t\t\t\t\t<div class=\"e-con-inner\">\n\t\t<div class=\"elementor-element elementor-element-068d51d e-con-full e-flex e-con e-child\" data-id=\"068d51d\" data-element_type=\"container\">\n\t\t\t\t<div class=\"elementor-element elementor-element-3771b1a elementor-widget elementor-widget-heading\" data-id=\"3771b1a\" data-element_type=\"widget\" data-widget_type=\"heading.default\">\n\t\t\t\t<div class=\"elementor-widget-container\">\n\t\t\t\t\t<h1 class=\"elementor-heading-title elementor-size-default\">Servicios<\/h1>\t\t\t\t<\/div>\n\t\t\t\t<\/div>\n\t\t\t\t<\/div>\n\t\t\t\t\t<\/div>\n\t\t\t\t<\/div>\n\t\t<div class=\"elementor-element elementor-element-6370fe2 e-flex e-con-boxed e-con e-parent\" data-id=\"6370fe2\" data-element_type=\"container\">\n\t\t\t\t\t<div class=\"e-con-inner\">\n\t\t\t\t<div class=\"elementor-element elementor-element-8951262 elementor-widget elementor-widget-text-editor\" data-id=\"8951262\" data-element_type=\"widget\" data-widget_type=\"text-editor.default\">\n\t\t\t\t<div class=\"elementor-widget-container\">\n\t\t\t\t\t\t\t\t\t<p><\/p>\n<p>En Ubelin, impulsamos el crecimiento y la modernizaci\u00f3n de las organizaciones a trav\u00e9s de seis \u00e1reas clave:<\/p>\n<ul>\n<li><strong>Outsourcing TI y Operaciones Gestionadas:<\/strong><\/li>\n<\/ul>\n<div>Gestionamos y operamos servicios tecnol\u00f3gicos bajo un \u00fanico punto de responsabilidad, coordinando proveedores, supervisando la prestaci\u00f3n diaria y garantizando la continuidad mediante SLA, KPI e informes estructurados. El objetivo: operaciones estables y eficientes que escalen sin a\u00f1adir complejidad interna.<\/div><div><br><\/div>\n<div>\n<style>\na {<br \/>\n    text-decoration: none;<br \/>\n    color: #464feb;<br \/>\n}<br \/>\ntr th, tr td {<br \/>\n    border: 1px solid #e6e6e6;<br \/>\n}<br \/>\ntr th {<br \/>\n    background-color: #f5f5f5;<br \/>\n}<br \/>\n<\/style>\n<ul>\n<li><strong>Gesti\u00f3n de Proyectos:<\/strong><\/li>\n<\/ul>\n<div>Planificamos, coordinamos y controlamos iniciativas tecnol\u00f3gicas y operativas de extremo a extremo \u2014alcance, plazos, presupuestos, riesgos y calidad\u2014 alineando cada hito con los objetivos de negocio y asegurando resultados medibles.<\/div><div><br><\/div>\n<div>\n<style>\na {<br \/>\n    text-decoration: none;<br \/>\n    color: #464feb;<br \/>\n}<br \/>\ntr th, tr td {<br \/>\n    border: 1px solid #e6e6e6;<br \/>\n}<br \/>\ntr th {<br \/>\n    background-color: #f5f5f5;<br \/>\n}<br \/>\n<\/style>\n<ul>\n<li><strong>Proyectos Llave en Mano:<\/strong><\/li>\n<\/ul>\n<div>Asumimos la responsabilidad total desde la definici\u00f3n hasta la entrega operativa. Ubelin integra y dirige todas las capacidades necesarias (propias y de partners) para entregar una soluci\u00f3n completa, lista para operar, con resultados predecibles y menor riesgo para el cliente.<\/div><div><br><\/div>\n<div>\n<style>\na {<br \/>\n    text-decoration: none;<br \/>\n    color: #464feb;<br \/>\n}<br \/>\ntr th, tr td {<br \/>\n    border: 1px solid #e6e6e6;<br \/>\n}<br \/>\ntr th {<br \/>\n    background-color: #f5f5f5;<br \/>\n}<br \/>\n<\/style>\n<ul>\n<li><strong>Servicios y Coordinaci\u00f3n de Proveedores (PMO):<\/strong><\/li>\n<\/ul>\n<div>Proporcionamos la capa de gesti\u00f3n que mantiene todo integrado: gobernanza de servicios, orquestaci\u00f3n de proveedores, gesti\u00f3n de cambios e incidencias, seguimiento del desempe\u00f1o y reporting ejecutivo, asegurando que la estrategia y la ejecuci\u00f3n permanezcan alineadas en todo momento.<\/div><div><br><\/div>\n<div>\n<style>\na {<br \/>\n    text-decoration: none;<br \/>\n    color: #464feb;<br \/>\n}<br \/>\ntr th, tr td {<br \/>\n    border: 1px solid #e6e6e6;<br \/>\n}<br \/>\ntr th {<br \/>\n    background-color: #f5f5f5;<br \/>\n}<br \/>\n<\/style>\n<ul>\n<li><strong>Soporte T\u00e9cnico y Gesti\u00f3n de Infraestructura Cr\u00edtica:<\/strong><\/li>\n<\/ul>\n<div>Garantizamos soporte continuo de TI e ingenier\u00eda, mantenimiento de sistemas y la gesti\u00f3n de entornos cr\u00edticos (redes de datos, conectividad, seguridad electr\u00f3nica, sistemas energ\u00e9ticos y fibra \u00f3ptica), ofreciendo operaciones seguras, fiables y eficientes, a menudo apoy\u00e1ndonos en partners especializados bajo el control de Ubelin.<\/div><div><br><\/div>\n<div>\n<style>\na {<br \/>\n    text-decoration: none;<br \/>\n    color: #464feb;<br \/>\n}<br \/>\ntr th, tr td {<br \/>\n    border: 1px solid #e6e6e6;<br \/>\n}<br \/>\ntr th {<br \/>\n    background-color: #f5f5f5;<br \/>\n}<br \/>\n<\/style>\n<ul>\n<li><strong>Gobernanza Operativa y Est\u00e1ndares Internacionales (ISO):<\/strong><\/li>\n<\/ul>\n<div>Acompa\u00f1amos a las organizaciones en el dise\u00f1o, implantaci\u00f3n y evoluci\u00f3n de modelos de gesti\u00f3n alineados con est\u00e1ndares internacionales reconocidos, como ISO 9001 (calidad), ISO 22301 (continuidad del negocio) e ISO 27001 (seguridad de la informaci\u00f3n). Integramos estos marcos directamente en la operaci\u00f3n real del cliente \u2014procesos, servicios, proyectos y proveedores\u2014 para reforzar el control, la trazabilidad, la gesti\u00f3n del riesgo y la mejora continua, facilitando adem\u00e1s la preparaci\u00f3n y mantenimiento de certificaciones cuando el contexto del negocio lo requiere.<\/div><div><br><\/div>\n<\/div>\n<\/div>\n<div>\n<style>\na {<br \/>\n    text-decoration: none;<br \/>\n    color: #464feb;<br \/>\n}<br \/>\ntr th, tr td {<br \/>\n    border: 1px solid #e6e6e6;<br \/>\n}<br \/>\ntr th {<br \/>\n    background-color: #f5f5f5;<br \/>\n}<br \/>\n<\/style>\n<div>En Ubelin, combinamos experiencia, disciplina operativa y visi\u00f3n estrat\u00e9gica para ofrecer soluciones a medida para cada cliente. Nuestro modelo de responsabilidad \u00fanica y enfoque multidisciplinar nos permite identificar oportunidades, reducir riesgos operativos y tecnol\u00f3gicos y generar valor a largo plazo. Ya sea gestionando servicios externalizados, liderando proyectos complejos, entregando soluciones llave en mano, operando infraestructuras cr\u00edticas o estructurando modelos de gesti\u00f3n basados en est\u00e1ndares internacionales, trabajamos con rigor, transparencia y colaboraci\u00f3n cercana para alcanzar la excelencia en cada etapa.<\/div>\n<\/div>\n<\/div>\n<\/div>\n<\/div>\t\t\t\t\t\t\t\t<\/div>\n\t\t\t\t<\/div>\n\t\t\t\t\t<\/div>\n\t\t\t\t<\/div>\n\t\t<div class=\"elementor-element elementor-element-d9a60a8 e-flex e-con-boxed e-con e-parent\" data-id=\"d9a60a8\" data-element_type=\"container\">\n\t\t\t\t\t<div class=\"e-con-inner\">\n\t\t<div class=\"elementor-element elementor-element-4751d35 e-con-full e-flex e-con e-child\" data-id=\"4751d35\" data-element_type=\"container\">\n\t\t\t\t<div class=\"elementor-element elementor-element-76b441d elementor-widget elementor-widget-heading\" data-id=\"76b441d\" data-element_type=\"widget\" data-widget_type=\"heading.default\">\n\t\t\t\t<div class=\"elementor-widget-container\">\n\t\t\t\t\t<h1 class=\"elementor-heading-title elementor-size-default\">Algunas Fotograf\u00edas<\/h1>\t\t\t\t<\/div>\n\t\t\t\t<\/div>\n\t\t\t\t<\/div>\n\t\t\t\t<div class=\"elementor-element elementor-element-420ddee elementor-widget elementor-widget-gallery\" data-id=\"420ddee\" data-element_type=\"widget\" data-settings=\"{&quot;gallery_layout&quot;:&quot;masonry&quot;,&quot;columns&quot;:3,&quot;gap&quot;:{&quot;unit&quot;:&quot;px&quot;,&quot;size&quot;:20,&quot;sizes&quot;:[]},&quot;lazyload&quot;:&quot;yes&quot;,&quot;columns_tablet&quot;:2,&quot;columns_mobile&quot;:1,&quot;gap_tablet&quot;:{&quot;unit&quot;:&quot;px&quot;,&quot;size&quot;:10,&quot;sizes&quot;:[]},&quot;gap_mobile&quot;:{&quot;unit&quot;:&quot;px&quot;,&quot;size&quot;:10,&quot;sizes&quot;:[]},&quot;link_to&quot;:&quot;file&quot;,&quot;overlay_background&quot;:&quot;yes&quot;,&quot;content_hover_animation&quot;:&quot;fade-in&quot;}\" data-widget_type=\"gallery.default\">\n\t\t\t\t<div class=\"elementor-widget-container\">\n\t\t\t\t\t\t\t<div class=\"elementor-gallery__container\">\n\t\t\t\t\t\t\t<a class=\"e-gallery-item elementor-gallery-item elementor-animated-content\" href=\"https:\/\/www.ubelin.com.nsuzstudio.com\/wp-content\/uploads\/2025\/08\/Sin-t-25-00006.png\" data-elementor-open-lightbox=\"yes\" data-elementor-lightbox-slideshow=\"420ddee\" data-elementor-lightbox-title=\"Sin-t-25-00006\" data-e-action-hash=\"#elementor-action%3Aaction%3Dlightbox%26settings%3DeyJpZCI6MjM5NSwidXJsIjoiaHR0cHM6XC9cL3d3dy51YmVsaW4uY29tLm5zdXpzdHVkaW8uY29tXC93cC1jb250ZW50XC91cGxvYWRzXC8yMDI1XC8wOFwvU2luLXQtMjUtMDAwMDYucG5nIiwic2xpZGVzaG93IjoiNDIwZGRlZSJ9\">\n\t\t\t\t\t<div class=\"e-gallery-image elementor-gallery-item__image\" data-thumbnail=\"https:\/\/www.ubelin.com.nsuzstudio.com\/wp-content\/uploads\/2025\/08\/Sin-t-25-00006-300x225.png\" data-width=\"300\" data-height=\"225\" aria-label=\"\" role=\"img\" ><\/div>\n\t\t\t\t\t\t\t\t\t\t\t<div class=\"elementor-gallery-item__overlay\"><\/div>\n\t\t\t\t\t\t\t\t\t\t\t\t\t\t<\/a>\n\t\t\t\t\t\t\t<a class=\"e-gallery-item elementor-gallery-item elementor-animated-content\" href=\"https:\/\/www.ubelin.com.nsuzstudio.com\/wp-content\/uploads\/2025\/08\/Sin-t-25-00005.png\" data-elementor-open-lightbox=\"yes\" data-elementor-lightbox-slideshow=\"420ddee\" data-elementor-lightbox-title=\"Sin-t-25-00005\" data-e-action-hash=\"#elementor-action%3Aaction%3Dlightbox%26settings%3DeyJpZCI6MjM5NCwidXJsIjoiaHR0cHM6XC9cL3d3dy51YmVsaW4uY29tLm5zdXpzdHVkaW8uY29tXC93cC1jb250ZW50XC91cGxvYWRzXC8yMDI1XC8wOFwvU2luLXQtMjUtMDAwMDUucG5nIiwic2xpZGVzaG93IjoiNDIwZGRlZSJ9\">\n\t\t\t\t\t<div class=\"e-gallery-image elementor-gallery-item__image\" data-thumbnail=\"https:\/\/www.ubelin.com.nsuzstudio.com\/wp-content\/uploads\/2025\/08\/Sin-t-25-00005-300x225.png\" data-width=\"300\" data-height=\"225\" aria-label=\"\" role=\"img\" ><\/div>\n\t\t\t\t\t\t\t\t\t\t\t<div class=\"elementor-gallery-item__overlay\"><\/div>\n\t\t\t\t\t\t\t\t\t\t\t\t\t\t<\/a>\n\t\t\t\t\t\t\t<a class=\"e-gallery-item elementor-gallery-item elementor-animated-content\" href=\"https:\/\/www.ubelin.com.nsuzstudio.com\/wp-content\/uploads\/2025\/08\/Sin-t-25-00004.png\" data-elementor-open-lightbox=\"yes\" data-elementor-lightbox-slideshow=\"420ddee\" data-elementor-lightbox-title=\"Sin-t-25-00004\" data-e-action-hash=\"#elementor-action%3Aaction%3Dlightbox%26settings%3DeyJpZCI6MjM5MywidXJsIjoiaHR0cHM6XC9cL3d3dy51YmVsaW4uY29tLm5zdXpzdHVkaW8uY29tXC93cC1jb250ZW50XC91cGxvYWRzXC8yMDI1XC8wOFwvU2luLXQtMjUtMDAwMDQucG5nIiwic2xpZGVzaG93IjoiNDIwZGRlZSJ9\">\n\t\t\t\t\t<div class=\"e-gallery-image elementor-gallery-item__image\" data-thumbnail=\"https:\/\/www.ubelin.com.nsuzstudio.com\/wp-content\/uploads\/2025\/08\/Sin-t-25-00004-300x225.png\" data-width=\"300\" data-height=\"225\" aria-label=\"\" role=\"img\" ><\/div>\n\t\t\t\t\t\t\t\t\t\t\t<div class=\"elementor-gallery-item__overlay\"><\/div>\n\t\t\t\t\t\t\t\t\t\t\t\t\t\t<\/a>\n\t\t\t\t\t\t\t<a class=\"e-gallery-item elementor-gallery-item elementor-animated-content\" href=\"https:\/\/www.ubelin.com.nsuzstudio.com\/wp-content\/uploads\/2025\/08\/Sin-t-25-00003.png\" data-elementor-open-lightbox=\"yes\" data-elementor-lightbox-slideshow=\"420ddee\" data-elementor-lightbox-title=\"Sin-t-25-00003\" data-e-action-hash=\"#elementor-action%3Aaction%3Dlightbox%26settings%3DeyJpZCI6MjM5MiwidXJsIjoiaHR0cHM6XC9cL3d3dy51YmVsaW4uY29tLm5zdXpzdHVkaW8uY29tXC93cC1jb250ZW50XC91cGxvYWRzXC8yMDI1XC8wOFwvU2luLXQtMjUtMDAwMDMucG5nIiwic2xpZGVzaG93IjoiNDIwZGRlZSJ9\">\n\t\t\t\t\t<div class=\"e-gallery-image elementor-gallery-item__image\" data-thumbnail=\"https:\/\/www.ubelin.com.nsuzstudio.com\/wp-content\/uploads\/2025\/08\/Sin-t-25-00003-300x225.png\" data-width=\"300\" data-height=\"225\" aria-label=\"\" role=\"img\" ><\/div>\n\t\t\t\t\t\t\t\t\t\t\t<div class=\"elementor-gallery-item__overlay\"><\/div>\n\t\t\t\t\t\t\t\t\t\t\t\t\t\t<\/a>\n\t\t\t\t\t\t\t<a class=\"e-gallery-item elementor-gallery-item elementor-animated-content\" href=\"https:\/\/www.ubelin.com.nsuzstudio.com\/wp-content\/uploads\/2025\/08\/Sin-t-25-00002.png\" data-elementor-open-lightbox=\"yes\" data-elementor-lightbox-slideshow=\"420ddee\" data-elementor-lightbox-title=\"Sin-t-25-00002\" data-e-action-hash=\"#elementor-action%3Aaction%3Dlightbox%26settings%3DeyJpZCI6MjM5MSwidXJsIjoiaHR0cHM6XC9cL3d3dy51YmVsaW4uY29tLm5zdXpzdHVkaW8uY29tXC93cC1jb250ZW50XC91cGxvYWRzXC8yMDI1XC8wOFwvU2luLXQtMjUtMDAwMDIucG5nIiwic2xpZGVzaG93IjoiNDIwZGRlZSJ9\">\n\t\t\t\t\t<div class=\"e-gallery-image elementor-gallery-item__image\" data-thumbnail=\"https:\/\/www.ubelin.com.nsuzstudio.com\/wp-content\/uploads\/2025\/08\/Sin-t-25-00002-300x225.png\" data-width=\"300\" data-height=\"225\" aria-label=\"\" role=\"img\" ><\/div>\n\t\t\t\t\t\t\t\t\t\t\t<div class=\"elementor-gallery-item__overlay\"><\/div>\n\t\t\t\t\t\t\t\t\t\t\t\t\t\t<\/a>\n\t\t\t\t\t\t\t<a class=\"e-gallery-item elementor-gallery-item elementor-animated-content\" href=\"https:\/\/www.ubelin.com.nsuzstudio.com\/wp-content\/uploads\/2025\/08\/Sin-t-25-00001.png\" data-elementor-open-lightbox=\"yes\" data-elementor-lightbox-slideshow=\"420ddee\" data-elementor-lightbox-title=\"Sin-t-25-00001\" data-e-action-hash=\"#elementor-action%3Aaction%3Dlightbox%26settings%3DeyJpZCI6MjM5MCwidXJsIjoiaHR0cHM6XC9cL3d3dy51YmVsaW4uY29tLm5zdXpzdHVkaW8uY29tXC93cC1jb250ZW50XC91cGxvYWRzXC8yMDI1XC8wOFwvU2luLXQtMjUtMDAwMDEucG5nIiwic2xpZGVzaG93IjoiNDIwZGRlZSJ9\">\n\t\t\t\t\t<div class=\"e-gallery-image elementor-gallery-item__image\" data-thumbnail=\"https:\/\/www.ubelin.com.nsuzstudio.com\/wp-content\/uploads\/2025\/08\/Sin-t-25-00001-300x225.png\" data-width=\"300\" data-height=\"225\" aria-label=\"\" role=\"img\" ><\/div>\n\t\t\t\t\t\t\t\t\t\t\t<div class=\"elementor-gallery-item__overlay\"><\/div>\n\t\t\t\t\t\t\t\t\t\t\t\t\t\t<\/a>\n\t\t\t\t\t<\/div>\n\t\t\t\t\t<\/div>\n\t\t\t\t<\/div>\n\t\t\t\t<div class=\"elementor-element elementor-element-f0abe38 elementor-widget elementor-widget-gallery\" data-id=\"f0abe38\" data-element_type=\"widget\" data-settings=\"{&quot;gallery_layout&quot;:&quot;masonry&quot;,&quot;gap&quot;:{&quot;unit&quot;:&quot;px&quot;,&quot;size&quot;:20,&quot;sizes&quot;:[]},&quot;columns&quot;:3,&quot;columns_tablet&quot;:2,&quot;columns_mobile&quot;:1,&quot;gap_tablet&quot;:{&quot;unit&quot;:&quot;px&quot;,&quot;size&quot;:10,&quot;sizes&quot;:[]},&quot;gap_mobile&quot;:{&quot;unit&quot;:&quot;px&quot;,&quot;size&quot;:10,&quot;sizes&quot;:[]},&quot;link_to&quot;:&quot;file&quot;,&quot;overlay_background&quot;:&quot;yes&quot;,&quot;content_hover_animation&quot;:&quot;fade-in&quot;}\" data-widget_type=\"gallery.default\">\n\t\t\t\t<div class=\"elementor-widget-container\">\n\t\t\t\t\t\t\t<div class=\"elementor-gallery__container\">\n\t\t\t\t\t<\/div>\n\t\t\t\t\t<\/div>\n\t\t\t\t<\/div>\n\t\t\t\t\t<\/div>\n\t\t\t\t<\/div>\n\t\t<div class=\"elementor-element elementor-element-546feaf e-grid e-con-full elementor-hidden-mobile e-con e-parent\" data-id=\"546feaf\" data-element_type=\"container\">\n\t\t\t\t<div class=\"elementor-element elementor-element-00c357c elementor-widget elementor-widget-image\" data-id=\"00c357c\" data-element_type=\"widget\" data-widget_type=\"image.default\">\n\t\t\t\t<div class=\"elementor-widget-container\">\n\t\t\t\t\t\t\t\t\t\t\t\t\t\t\t<img fetchpriority=\"high\" decoding=\"async\" width=\"360\" height=\"603\" src=\"https:\/\/www.ubelin.com.nsuzstudio.com\/wp-content\/uploads\/2025\/08\/crop_1.png\" class=\"attachment-large size-large wp-image-2373\" alt=\"\" srcset=\"http:\/\/ubelin.com\/wp-content\/uploads\/2025\/08\/crop_1.png 360w, http:\/\/ubelin.com\/wp-content\/uploads\/2025\/08\/crop_1-179x300.png 179w\" sizes=\"(max-width: 360px) 100vw, 360px\" \/>\t\t\t\t\t\t\t\t\t\t\t\t\t\t\t<\/div>\n\t\t\t\t<\/div>\n\t\t\t\t<div class=\"elementor-element elementor-element-42bdbc2 elementor-widget elementor-widget-image\" data-id=\"42bdbc2\" data-element_type=\"widget\" data-widget_type=\"image.default\">\n\t\t\t\t<div class=\"elementor-widget-container\">\n\t\t\t\t\t\t\t\t\t\t\t\t\t\t\t<img decoding=\"async\" width=\"360\" height=\"603\" src=\"https:\/\/www.ubelin.com.nsuzstudio.com\/wp-content\/uploads\/2025\/08\/crop_2.png\" class=\"attachment-large size-large wp-image-2350\" alt=\"\" srcset=\"http:\/\/ubelin.com\/wp-content\/uploads\/2025\/08\/crop_2.png 360w, http:\/\/ubelin.com\/wp-content\/uploads\/2025\/08\/crop_2-179x300.png 179w\" sizes=\"(max-width: 360px) 100vw, 360px\" \/>\t\t\t\t\t\t\t\t\t\t\t\t\t\t\t<\/div>\n\t\t\t\t<\/div>\n\t\t\t\t<div class=\"elementor-element elementor-element-1b63fcb elementor-widget elementor-widget-image\" data-id=\"1b63fcb\" data-element_type=\"widget\" data-widget_type=\"image.default\">\n\t\t\t\t<div class=\"elementor-widget-container\">\n\t\t\t\t\t\t\t\t\t\t\t\t\t\t\t<img decoding=\"async\" width=\"360\" height=\"603\" src=\"https:\/\/www.ubelin.com.nsuzstudio.com\/wp-content\/uploads\/2025\/08\/crop_3.png\" class=\"attachment-large size-large wp-image-2351\" alt=\"\" srcset=\"http:\/\/ubelin.com\/wp-content\/uploads\/2025\/08\/crop_3.png 360w, http:\/\/ubelin.com\/wp-content\/uploads\/2025\/08\/crop_3-179x300.png 179w\" sizes=\"(max-width: 360px) 100vw, 360px\" \/>\t\t\t\t\t\t\t\t\t\t\t\t\t\t\t<\/div>\n\t\t\t\t<\/div>\n\t\t\t\t<div class=\"elementor-element elementor-element-cf38932 elementor-widget elementor-widget-image\" data-id=\"cf38932\" data-element_type=\"widget\" data-widget_type=\"image.default\">\n\t\t\t\t<div class=\"elementor-widget-container\">\n\t\t\t\t\t\t\t\t\t\t\t\t\t\t\t<img loading=\"lazy\" decoding=\"async\" width=\"360\" height=\"603\" src=\"https:\/\/www.ubelin.com.nsuzstudio.com\/wp-content\/uploads\/2025\/08\/crop_4.png\" class=\"attachment-large size-large wp-image-2352\" alt=\"\" srcset=\"http:\/\/ubelin.com\/wp-content\/uploads\/2025\/08\/crop_4.png 360w, http:\/\/ubelin.com\/wp-content\/uploads\/2025\/08\/crop_4-179x300.png 179w\" sizes=\"(max-width: 360px) 100vw, 360px\" \/>\t\t\t\t\t\t\t\t\t\t\t\t\t\t\t<\/div>\n\t\t\t\t<\/div>\n\t\t\t\t<div class=\"elementor-element elementor-element-8494fea elementor-widget elementor-widget-image\" data-id=\"8494fea\" data-element_type=\"widget\" data-widget_type=\"image.default\">\n\t\t\t\t<div class=\"elementor-widget-container\">\n\t\t\t\t\t\t\t\t\t\t\t\t\t\t\t<img loading=\"lazy\" decoding=\"async\" width=\"360\" height=\"603\" src=\"https:\/\/www.ubelin.com.nsuzstudio.com\/wp-content\/uploads\/2025\/08\/crop_5.png\" class=\"attachment-large size-large wp-image-2353\" alt=\"\" srcset=\"http:\/\/ubelin.com\/wp-content\/uploads\/2025\/08\/crop_5.png 360w, http:\/\/ubelin.com\/wp-content\/uploads\/2025\/08\/crop_5-179x300.png 179w\" sizes=\"(max-width: 360px) 100vw, 360px\" \/>\t\t\t\t\t\t\t\t\t\t\t\t\t\t\t<\/div>\n\t\t\t\t<\/div>\n\t\t\t\t<\/div>\n\t\t\t\t<\/div>\n\t\t","protected":false},"excerpt":{"rendered":"<p>Servicios En Ubelin, impulsamos el crecimiento y la modernizaci\u00f3n de las organizaciones a trav\u00e9s de seis \u00e1reas clave: Outsourcing TI y Operaciones Gestionadas: Gestionamos y operamos servicios tecnol\u00f3gicos bajo un \u00fanico punto de responsabilidad, coordinando proveedores, supervisando la prestaci\u00f3n diaria y garantizando la continuidad mediante SLA, KPI e informes estructurados. El objetivo: operaciones estables y [&hellip;]<\/p>\n","protected":false},"author":2,"featured_media":0,"parent":0,"menu_order":0,"comment_status":"closed","ping_status":"closed","template":"","meta":{"footnotes":""},"class_list":["post-387","page","type-page","status-publish","hentry"],"_links":{"self":[{"href":"https:\/\/www.ubelin.com.nsuzstudio.com\/index.php\/wp-json\/wp\/v2\/pages\/387","targetHints":{"allow":["GET"]}}],"collection":[{"href":"https:\/\/www.ubelin.com.nsuzstudio.com\/index.php\/wp-json\/wp\/v2\/pages"}],"about":[{"href":"https:\/\/www.ubelin.com.nsuzstudio.com\/index.php\/wp-json\/wp\/v2\/types\/page"}],"author":[{"embeddable":true,"href":"https:\/\/www.ubelin.com.nsuzstudio.com\/index.php\/wp-json\/wp\/v2\/users\/2"}],"replies":[{"embeddable":true,"href":"https:\/\/www.ubelin.com.nsuzstudio.com\/index.php\/wp-json\/wp\/v2\/comments?post=387"}],"version-history":[{"count":209,"href":"https:\/\/www.ubelin.com.nsuzstudio.com\/index.php\/wp-json\/wp\/v2\/pages\/387\/revisions"}],"predecessor-version":[{"id":2841,"href":"https:\/\/www.ubelin.com.nsuzstudio.com\/index.php\/wp-json\/wp\/v2\/pages\/387\/revisions\/2841"}],"wp:attachment":[{"href":"https:\/\/www.ubelin.com.nsuzstudio.com\/index.php\/wp-json\/wp\/v2\/media?parent=387"}],"curies":[{"name":"wp","href":"https:\/\/api.w.org\/{rel}","templated":true}]}}